{"id":2,"date":"2024-02-20T16:29:42","date_gmt":"2024-02-20T16:29:42","guid":{"rendered":"https:\/\/joyeriaargentoro.rkinformatika.online\/?page_id=2"},"modified":"2024-03-01T11:30:10","modified_gmt":"2024-03-01T11:30:10","slug":"inicio","status":"publish","type":"page","link":"https:\/\/joyeriaargentoro.com\/eus\/","title":{"rendered":"Hasiera"},"content":{"rendered":"<div data-elementor-type=\"wp-page\" data-elementor-id=\"2\" class=\"elementor elementor-2\" data-elementor-post-type=\"page\">\n\t\t\t\t\t\t<section class=\"elementor-section elementor-top-section elementor-element elementor-element-2a71956 elementor-section-boxed elementor-section-height-default elementor-section-height-default\" data-id=\"2a71956\" data-element_type=\"section\" data-e-type=\"section\" data-settings=\"{&quot;background_background&quot;:&quot;classic&quot;}\">\n\t\t\t\t\t\t\t<div class=\"elementor-background-overlay\"><\/div>\n\t\t\t\t\t\t\t<div class=\"elementor-container elementor-column-gap-default\">\n\t\t\t\t\t<div class=\"elementor-column elementor-col-100 elementor-top-column elementor-element elementor-element-42442c1\" data-id=\"42442c1\" data-element_type=\"column\" data-e-type=\"column\">\n\t\t\t<div class=\"elementor-widget-wrap elementor-element-populated\">\n\t\t\t\t\t\t<div class=\"elementor-element elementor-element-eb3d1bd elementor-widget elementor-widget-heading\" data-id=\"eb3d1bd\" data-element_type=\"widget\" data-e-type=\"widget\" data-widget_type=\"heading.default\">\n\t\t\t\t<div class=\"elementor-widget-container\">\n\t\t\t\t\t<h2 class=\"elementor-heading-title elementor-size-default\">\nZURE KONFIANTZAZKO BITXI-DENDA<\/h2>\t\t\t\t<\/div>\n\t\t\t\t<\/div>\n\t\t\t\t\t<\/div>\n\t\t<\/div>\n\t\t\t\t\t<\/div>\n\t\t<\/section>\n\t\t<div class=\"elementor-element elementor-element-4712f10 e-flex e-con-boxed e-con e-parent\" data-id=\"4712f10\" data-element_type=\"container\" data-e-type=\"container\" data-settings=\"{&quot;background_background&quot;:&quot;classic&quot;}\">\n\t\t\t\t\t<div class=\"e-con-inner\">\n\t\t<div class=\"elementor-element elementor-element-782c8ef e-con-full e-flex e-con e-child\" data-id=\"782c8ef\" data-element_type=\"container\" data-e-type=\"container\">\n\t\t\t\t<div class=\"elementor-element elementor-element-c17f2b4 elementor-widget elementor-widget-heading\" data-id=\"c17f2b4\" data-element_type=\"widget\" data-e-type=\"widget\" data-widget_type=\"heading.default\">\n\t\t\t\t<div class=\"elementor-widget-container\">\n\t\t\t\t\t<h2 class=\"elementor-heading-title elementor-size-default\">Guri Buruz<\/h2>\t\t\t\t<\/div>\n\t\t\t\t<\/div>\n\t\t\t\t<div class=\"elementor-element elementor-element-be5a031 elementor-widget elementor-widget-text-editor\" data-id=\"be5a031\" data-element_type=\"widget\" data-e-type=\"widget\" data-widget_type=\"text-editor.default\">\n\t\t\t\t<div class=\"elementor-widget-container\">\n\t\t\t\t\t\t\t\t\t<p>30 urte baino gehiago daramatzagu bitxigintzan eta erlojugintzan dugun esperientzia eskaintzen, eta bitxi pertsonalizatuak egiten eta erlojuak eta bitxiak konpontzen espezializatzen gara, haien iraunkortasuna eta edertasuna bermatzeko.<\/p>\t\t\t\t\t\t\t\t<\/div>\n\t\t\t\t<\/div>\n\t\t\t\t<div class=\"elementor-element elementor-element-36c51d6 elementor-align-center elementor-widget elementor-widget-button\" data-id=\"36c51d6\" data-element_type=\"widget\" data-e-type=\"widget\" data-widget_type=\"button.default\">\n\t\t\t\t<div class=\"elementor-widget-container\">\n\t\t\t\t\t\t\t\t\t<div class=\"elementor-button-wrapper\">\n\t\t\t\t\t<a class=\"elementor-button elementor-button-link elementor-size-sm\" href=\"https:\/\/joyeriaargentoro.com\/eus\/productos\/\">\n\t\t\t\t\t\t<span class=\"elementor-button-content-wrapper\">\n\t\t\t\t\t\t\t\t\t<span class=\"elementor-button-text\">Gehiago Jakin<\/span>\n\t\t\t\t\t<\/span>\n\t\t\t\t\t<\/a>\n\t\t\t\t<\/div>\n\t\t\t\t\t\t\t\t<\/div>\n\t\t\t\t<\/div>\n\t\t\t\t<\/div>\n\t\t<div class=\"elementor-element elementor-element-37c2ee1 e-con-full e-flex e-con e-child\" data-id=\"37c2ee1\" data-element_type=\"container\" data-e-type=\"container\">\n\t\t\t\t<div class=\"elementor-element elementor-element-345b78c elementor-widget elementor-widget-image\" data-id=\"345b78c\" data-element_type=\"widget\" data-e-type=\"widget\" data-widget_type=\"image.default\">\n\t\t\t\t<div class=\"elementor-widget-container\">\n\t\t\t\t\t\t\t\t\t\t\t\t\t\t\t<img fetchpriority=\"high\" decoding=\"async\" width=\"800\" height=\"543\" src=\"https:\/\/joyeriaargentoro.com\/wp-content\/uploads\/2024\/02\/WhatsApp-Image-2024-02-23-at-18.10.10-e1708708329671-1024x695.jpeg\" class=\"attachment-large size-large wp-image-1065\" alt=\"\" srcset=\"https:\/\/joyeriaargentoro.com\/wp-content\/uploads\/2024\/02\/WhatsApp-Image-2024-02-23-at-18.10.10-e1708708329671-1024x695.jpeg 1024w, https:\/\/joyeriaargentoro.com\/wp-content\/uploads\/2024\/02\/WhatsApp-Image-2024-02-23-at-18.10.10-e1708708329671-300x204.jpeg 300w, https:\/\/joyeriaargentoro.com\/wp-content\/uploads\/2024\/02\/WhatsApp-Image-2024-02-23-at-18.10.10-e1708708329671-768x521.jpeg 768w, https:\/\/joyeriaargentoro.com\/wp-content\/uploads\/2024\/02\/WhatsApp-Image-2024-02-23-at-18.10.10-e1708708329671-1536x1043.jpeg 1536w, https:\/\/joyeriaargentoro.com\/wp-content\/uploads\/2024\/02\/WhatsApp-Image-2024-02-23-at-18.10.10-e1708708329671-18x12.jpeg 18w, https:\/\/joyeriaargentoro.com\/wp-content\/uploads\/2024\/02\/WhatsApp-Image-2024-02-23-at-18.10.10-e1708708329671-600x407.jpeg 600w, https:\/\/joyeriaargentoro.com\/wp-content\/uploads\/2024\/02\/WhatsApp-Image-2024-02-23-at-18.10.10-e1708708329671.jpeg 1819w\" sizes=\"(max-width: 800px) 100vw, 800px\" \/>\t\t\t\t\t\t\t\t\t\t\t\t\t\t\t<\/div>\n\t\t\t\t<\/div>\n\t\t\t\t<\/div>\n\t\t\t\t\t<\/div>\n\t\t\t\t<\/div>\n\t\t<div class=\"elementor-element elementor-element-b21d8e6 e-flex e-con-boxed e-con e-parent\" data-id=\"b21d8e6\" data-element_type=\"container\" data-e-type=\"container\" data-settings=\"{&quot;background_background&quot;:&quot;classic&quot;}\">\n\t\t\t\t\t<div class=\"e-con-inner\">\n\t\t<div class=\"elementor-element elementor-element-1563c8b e-con-full e-flex e-con e-child\" data-id=\"1563c8b\" data-element_type=\"container\" data-e-type=\"container\" data-settings=\"{&quot;background_background&quot;:&quot;classic&quot;}\">\n\t\t\t\t<div class=\"elementor-element elementor-element-63b9ab8 elementor-widget elementor-widget-image\" data-id=\"63b9ab8\" data-element_type=\"widget\" data-e-type=\"widget\" data-widget_type=\"image.default\">\n\t\t\t\t<div class=\"elementor-widget-container\">\n\t\t\t\t\t\t\t\t\t\t\t\t\t\t\t\t<a href=\"https:\/\/www.grand-seiko.com\/es-es\">\n\t\t\t\t\t\t\t<img decoding=\"async\" width=\"2560\" height=\"1097\" src=\"https:\/\/joyeriaargentoro.com\/wp-content\/uploads\/2024\/02\/seico.png\" class=\"attachment-full size-full wp-image-891\" alt=\"\" srcset=\"https:\/\/joyeriaargentoro.com\/wp-content\/uploads\/2024\/02\/seico.png 2560w, https:\/\/joyeriaargentoro.com\/wp-content\/uploads\/2024\/02\/seico-600x257.png 600w, https:\/\/joyeriaargentoro.com\/wp-content\/uploads\/2024\/02\/seico-300x129.png 300w, https:\/\/joyeriaargentoro.com\/wp-content\/uploads\/2024\/02\/seico-1024x439.png 1024w, https:\/\/joyeriaargentoro.com\/wp-content\/uploads\/2024\/02\/seico-768x329.png 768w, https:\/\/joyeriaargentoro.com\/wp-content\/uploads\/2024\/02\/seico-1536x658.png 1536w, https:\/\/joyeriaargentoro.com\/wp-content\/uploads\/2024\/02\/seico-2048x878.png 2048w, https:\/\/joyeriaargentoro.com\/wp-content\/uploads\/2024\/02\/seico-18x8.png 18w\" sizes=\"(max-width: 2560px) 100vw, 2560px\" \/>\t\t\t\t\t\t\t\t<\/a>\n\t\t\t\t\t\t\t\t\t\t\t\t\t\t\t<\/div>\n\t\t\t\t<\/div>\n\t\t\t\t<\/div>\n\t\t<div class=\"elementor-element elementor-element-44d6997 e-con-full e-flex e-con e-child\" data-id=\"44d6997\" data-element_type=\"container\" data-e-type=\"container\" data-settings=\"{&quot;background_background&quot;:&quot;classic&quot;}\">\n\t\t\t\t<div class=\"elementor-element elementor-element-edc8f1c elementor-widget elementor-widget-image\" data-id=\"edc8f1c\" data-element_type=\"widget\" data-e-type=\"widget\" data-widget_type=\"image.default\">\n\t\t\t\t<div class=\"elementor-widget-container\">\n\t\t\t\t\t\t\t\t\t\t\t\t\t\t\t\t<a href=\"https:\/\/citizen.es\/\">\n\t\t\t\t\t\t\t<img decoding=\"async\" width=\"1200\" height=\"224\" src=\"https:\/\/joyeriaargentoro.com\/wp-content\/uploads\/2024\/02\/Citizen_logo.svg.png\" class=\"attachment-full size-full wp-image-911\" alt=\"\" srcset=\"https:\/\/joyeriaargentoro.com\/wp-content\/uploads\/2024\/02\/Citizen_logo.svg.png 1200w, https:\/\/joyeriaargentoro.com\/wp-content\/uploads\/2024\/02\/Citizen_logo.svg-600x112.png 600w, https:\/\/joyeriaargentoro.com\/wp-content\/uploads\/2024\/02\/Citizen_logo.svg-300x56.png 300w, https:\/\/joyeriaargentoro.com\/wp-content\/uploads\/2024\/02\/Citizen_logo.svg-1024x191.png 1024w, https:\/\/joyeriaargentoro.com\/wp-content\/uploads\/2024\/02\/Citizen_logo.svg-768x143.png 768w, https:\/\/joyeriaargentoro.com\/wp-content\/uploads\/2024\/02\/Citizen_logo.svg-18x3.png 18w\" sizes=\"(max-width: 1200px) 100vw, 1200px\" \/>\t\t\t\t\t\t\t\t<\/a>\n\t\t\t\t\t\t\t\t\t\t\t\t\t\t\t<\/div>\n\t\t\t\t<\/div>\n\t\t\t\t<\/div>\n\t\t<div class=\"elementor-element elementor-element-109538d e-con-full e-flex e-con e-child\" data-id=\"109538d\" data-element_type=\"container\" data-e-type=\"container\" data-settings=\"{&quot;background_background&quot;:&quot;classic&quot;}\">\n\t\t\t\t<div class=\"elementor-element elementor-element-18aa7b3 elementor-widget elementor-widget-image\" data-id=\"18aa7b3\" data-element_type=\"widget\" data-e-type=\"widget\" data-widget_type=\"image.default\">\n\t\t\t\t<div class=\"elementor-widget-container\">\n\t\t\t\t\t\t\t\t\t\t\t\t\t\t\t\t<a href=\"https:\/\/www.majorica.com\/es\/\">\n\t\t\t\t\t\t\t<img loading=\"lazy\" decoding=\"async\" width=\"2560\" height=\"508\" src=\"https:\/\/joyeriaargentoro.com\/wp-content\/uploads\/2024\/02\/Logo_Majorica.svg.png\" class=\"attachment-full size-full wp-image-906\" alt=\"\" srcset=\"https:\/\/joyeriaargentoro.com\/wp-content\/uploads\/2024\/02\/Logo_Majorica.svg.png 2560w, https:\/\/joyeriaargentoro.com\/wp-content\/uploads\/2024\/02\/Logo_Majorica.svg-600x119.png 600w, https:\/\/joyeriaargentoro.com\/wp-content\/uploads\/2024\/02\/Logo_Majorica.svg-300x60.png 300w, https:\/\/joyeriaargentoro.com\/wp-content\/uploads\/2024\/02\/Logo_Majorica.svg-1024x203.png 1024w, https:\/\/joyeriaargentoro.com\/wp-content\/uploads\/2024\/02\/Logo_Majorica.svg-768x152.png 768w, https:\/\/joyeriaargentoro.com\/wp-content\/uploads\/2024\/02\/Logo_Majorica.svg-1536x305.png 1536w, https:\/\/joyeriaargentoro.com\/wp-content\/uploads\/2024\/02\/Logo_Majorica.svg-2048x406.png 2048w, https:\/\/joyeriaargentoro.com\/wp-content\/uploads\/2024\/02\/Logo_Majorica.svg-18x4.png 18w\" sizes=\"(max-width: 2560px) 100vw, 2560px\" \/>\t\t\t\t\t\t\t\t<\/a>\n\t\t\t\t\t\t\t\t\t\t\t\t\t\t\t<\/div>\n\t\t\t\t<\/div>\n\t\t\t\t<\/div>\n\t\t<div class=\"elementor-element elementor-element-e49848e e-con-full e-flex e-con e-child\" data-id=\"e49848e\" data-element_type=\"container\" data-e-type=\"container\" data-settings=\"{&quot;background_background&quot;:&quot;classic&quot;}\">\n\t\t\t\t<div class=\"elementor-element elementor-element-aefd74f elementor-widget elementor-widget-image\" data-id=\"aefd74f\" data-element_type=\"widget\" data-e-type=\"widget\" data-widget_type=\"image.default\">\n\t\t\t\t<div class=\"elementor-widget-container\">\n\t\t\t\t\t\t\t\t\t\t\t\t\t\t\t\t<a href=\"https:\/\/viceroy.es\/\">\n\t\t\t\t\t\t\t<img loading=\"lazy\" decoding=\"async\" width=\"390\" height=\"200\" src=\"https:\/\/joyeriaargentoro.com\/wp-content\/uploads\/2024\/02\/logo-viceroy.png\" class=\"attachment-full size-full wp-image-907\" alt=\"\" srcset=\"https:\/\/joyeriaargentoro.com\/wp-content\/uploads\/2024\/02\/logo-viceroy.png 390w, https:\/\/joyeriaargentoro.com\/wp-content\/uploads\/2024\/02\/logo-viceroy-300x154.png 300w, https:\/\/joyeriaargentoro.com\/wp-content\/uploads\/2024\/02\/logo-viceroy-18x9.png 18w\" sizes=\"(max-width: 390px) 100vw, 390px\" \/>\t\t\t\t\t\t\t\t<\/a>\n\t\t\t\t\t\t\t\t\t\t\t\t\t\t\t<\/div>\n\t\t\t\t<\/div>\n\t\t\t\t<\/div>\n\t\t<div class=\"elementor-element elementor-element-5cb1645 e-con-full e-flex e-con e-child\" data-id=\"5cb1645\" data-element_type=\"container\" data-e-type=\"container\" data-settings=\"{&quot;background_background&quot;:&quot;classic&quot;}\">\n\t\t\t\t<div class=\"elementor-element elementor-element-e57cedb elementor-widget elementor-widget-image\" data-id=\"e57cedb\" data-element_type=\"widget\" data-e-type=\"widget\" data-widget_type=\"image.default\">\n\t\t\t\t<div class=\"elementor-widget-container\">\n\t\t\t\t\t\t\t\t\t\t\t\t\t\t\t\t<a href=\"https:\/\/www.brosway.com\/en-eu\/\">\n\t\t\t\t\t\t\t<img loading=\"lazy\" decoding=\"async\" width=\"400\" height=\"122\" src=\"https:\/\/joyeriaargentoro.com\/wp-content\/uploads\/2024\/02\/Brosway-Logo-q7w6lup28wa9gg174ls6sohswtj3qejll0bty0xz9g.png\" class=\"attachment-large size-large wp-image-904\" alt=\"\" srcset=\"https:\/\/joyeriaargentoro.com\/wp-content\/uploads\/2024\/02\/Brosway-Logo-q7w6lup28wa9gg174ls6sohswtj3qejll0bty0xz9g.png 400w, https:\/\/joyeriaargentoro.com\/wp-content\/uploads\/2024\/02\/Brosway-Logo-q7w6lup28wa9gg174ls6sohswtj3qejll0bty0xz9g-300x92.png 300w, https:\/\/joyeriaargentoro.com\/wp-content\/uploads\/2024\/02\/Brosway-Logo-q7w6lup28wa9gg174ls6sohswtj3qejll0bty0xz9g-18x5.png 18w\" sizes=\"(max-width: 400px) 100vw, 400px\" \/>\t\t\t\t\t\t\t\t<\/a>\n\t\t\t\t\t\t\t\t\t\t\t\t\t\t\t<\/div>\n\t\t\t\t<\/div>\n\t\t\t\t<\/div>\n\t\t<div class=\"elementor-element elementor-element-e4df45e e-con-full e-flex e-con e-child\" data-id=\"e4df45e\" data-element_type=\"container\" data-e-type=\"container\" data-settings=\"{&quot;background_background&quot;:&quot;classic&quot;}\">\n\t\t\t\t<div class=\"elementor-element elementor-element-d052d33 elementor-widget elementor-widget-image\" data-id=\"d052d33\" data-element_type=\"widget\" data-e-type=\"widget\" data-widget_type=\"image.default\">\n\t\t\t\t<div class=\"elementor-widget-container\">\n\t\t\t\t\t\t\t\t\t\t\t\t\t\t\t\t<a href=\"https:\/\/www.google.com\/maps\/dir\/43.3061888,-2.670592\/argentoro\/@43.3342207,-2.7559563,11z\/data=!3m1!4b1!4m9!4m8!1m1!4e1!1m5!1m1!1s0xd4e26dc1e75eb91:0xbadd84b8f4131ec!2m2!1d-2.5050734!2d43.3640281?entry=ttu\">\n\t\t\t\t\t\t\t<img loading=\"lazy\" decoding=\"async\" width=\"800\" height=\"632\" src=\"https:\/\/joyeriaargentoro.com\/wp-content\/uploads\/2024\/03\/Ilustracion_sin_titulo-e1709291493936-1024x809.png\" class=\"attachment-large size-large wp-image-1121\" alt=\"\" srcset=\"https:\/\/joyeriaargentoro.com\/wp-content\/uploads\/2024\/03\/Ilustracion_sin_titulo-e1709291493936-1024x809.png 1024w, https:\/\/joyeriaargentoro.com\/wp-content\/uploads\/2024\/03\/Ilustracion_sin_titulo-e1709291493936-300x237.png 300w, https:\/\/joyeriaargentoro.com\/wp-content\/uploads\/2024\/03\/Ilustracion_sin_titulo-e1709291493936-768x606.png 768w, https:\/\/joyeriaargentoro.com\/wp-content\/uploads\/2024\/03\/Ilustracion_sin_titulo-e1709291493936-1536x1213.png 1536w, https:\/\/joyeriaargentoro.com\/wp-content\/uploads\/2024\/03\/Ilustracion_sin_titulo-e1709291493936-15x12.png 15w, https:\/\/joyeriaargentoro.com\/wp-content\/uploads\/2024\/03\/Ilustracion_sin_titulo-e1709291493936-600x474.png 600w, https:\/\/joyeriaargentoro.com\/wp-content\/uploads\/2024\/03\/Ilustracion_sin_titulo-e1709291493936.png 2048w\" sizes=\"(max-width: 800px) 100vw, 800px\" \/>\t\t\t\t\t\t\t\t<\/a>\n\t\t\t\t\t\t\t\t\t\t\t\t\t\t\t<\/div>\n\t\t\t\t<\/div>\n\t\t\t\t<\/div>\n\t\t\t\t\t<\/div>\n\t\t\t\t<\/div>\n\t\t<div class=\"elementor-element elementor-element-61c0514 e-flex e-con-boxed e-con e-parent\" data-id=\"61c0514\" data-element_type=\"container\" data-e-type=\"container\" data-settings=\"{&quot;background_background&quot;:&quot;classic&quot;}\">\n\t\t\t\t\t<div class=\"e-con-inner\">\n\t\t<div class=\"elementor-element elementor-element-e2ddc31 e-con-full e-flex e-con e-child\" data-id=\"e2ddc31\" data-element_type=\"container\" data-e-type=\"container\">\n\t\t\t\t<div class=\"elementor-element elementor-element-82d58fc elementor-widget elementor-widget-heading\" data-id=\"82d58fc\" data-element_type=\"widget\" data-e-type=\"widget\" data-widget_type=\"heading.default\">\n\t\t\t\t<div class=\"elementor-widget-container\">\n\t\t\t\t\t<h2 class=\"elementor-heading-title elementor-size-default\">ZURE BIZITZA HARRIBITXI BATEN ANTZERA DISTIRARAZI<\/h2>\t\t\t\t<\/div>\n\t\t\t\t<\/div>\n\t\t\t\t<div class=\"elementor-element elementor-element-3ed5fdf elementor-align-center elementor-widget elementor-widget-button\" data-id=\"3ed5fdf\" data-element_type=\"widget\" data-e-type=\"widget\" data-widget_type=\"button.default\">\n\t\t\t\t<div class=\"elementor-widget-container\">\n\t\t\t\t\t\t\t\t\t<div class=\"elementor-button-wrapper\">\n\t\t\t\t\t<a class=\"elementor-button elementor-button-link elementor-size-sm\" href=\"https:\/\/www.google.com\/maps\/place\/joyeria+argentoro\/@43.3639561,-2.5051341,3a,75y,333.51h,103.68t\/data=!3m6!1e1!3m4!1sOQxz2W-wfFcdv9cNlCHAbQ!2e0!7i16384!8i8192!4m17!1m9!3m8!1s0xd4e26dc1db66f17:0x98b66f7e365210fc!2sSabino+Arana+Uribidea+Hiribidea,+2,+48280+Lekeitio,+Bizkaia!3b1!8m2!3d43.3640281!4d-2.5050734!10e5!16s%2Fg%2F11c5p0jh5l!3m6!1s0xd4e26dc1e75eb91:0xbadd84b8f4131ec!8m2!3d43.3640281!4d-2.5050734!10e5!16s%2Fg%2F1v3j093s?entry=ttu\">\n\t\t\t\t\t\t<span class=\"elementor-button-content-wrapper\">\n\t\t\t\t\t\t\t\t\t<span class=\"elementor-button-text\">Bisita gaitzazu<\/span>\n\t\t\t\t\t<\/span>\n\t\t\t\t\t<\/a>\n\t\t\t\t<\/div>\n\t\t\t\t\t\t\t\t<\/div>\n\t\t\t\t<\/div>\n\t\t\t\t<\/div>\n\t\t\t\t\t<\/div>\n\t\t\t\t<\/div>\n\t\t\t\t<\/div>","protected":false},"excerpt":{"rendered":"<p>TU JOYER\u00cdA DE CONFIANZA Sobre Nosotros Llevamos m\u00e1s de 30 a\u00f1os brindando nuestra experiencia en el sector de joyer\u00eda y relojer\u00eda, donde nos especializamos en la fabricaci\u00f3n de joyas personalizadas y la reparaci\u00f3n de relojes y joyas para garantizar su durabilidad y belleza. Saber M\u00e1s HAZ QUE TU VIDA BRILLE COMO UNA JOYA Vis\u00edtenos<\/p>","protected":false},"author":1,"featured_media":0,"parent":0,"menu_order":0,"comment_status":"closed","ping_status":"closed","template":"elementor_canvas","meta":{"footnotes":""},"class_list":["post-2","page","type-page","status-publish","hentry"],"yoast_head":"<!-- This site is optimized with the Yoast SEO plugin v27.4 - https:\/\/yoast.com\/product\/yoast-seo-wordpress\/ -->\n<title>Inicio - Joyeria Argentoro<\/title>\n<meta name=\"robots\" content=\"index, follow, max-snippet:-1, max-image-preview:large, max-video-preview:-1\" \/>\n<link rel=\"canonical\" href=\"https:\/\/joyeriaargentoro.com\/eus\/\" \/>\n<meta property=\"og:locale\" content=\"en_US\" \/>\n<meta property=\"og:type\" content=\"article\" \/>\n<meta property=\"og:title\" content=\"Inicio - Joyeria Argentoro\" \/>\n<meta property=\"og:description\" content=\"TU JOYER\u00cdA DE CONFIANZA Sobre Nosotros Llevamos m\u00e1s de 30 a\u00f1os brindando nuestra experiencia en el sector de joyer\u00eda y relojer\u00eda, donde nos especializamos en la fabricaci\u00f3n de joyas personalizadas y la reparaci\u00f3n de relojes y joyas para garantizar su durabilidad y belleza. Saber M\u00e1s HAZ QUE TU VIDA BRILLE COMO UNA JOYA Vis\u00edtenos\" \/>\n<meta property=\"og:url\" content=\"https:\/\/joyeriaargentoro.com\/eus\/\" \/>\n<meta property=\"og:site_name\" content=\"Joyeria Argentoro\" \/>\n<meta property=\"article:modified_time\" content=\"2024-03-01T11:30:10+00:00\" \/>\n<meta property=\"og:image\" content=\"https:\/\/joyeriaargentoro.com\/wp-content\/uploads\/2024\/02\/WhatsApp-Image-2024-02-23-at-18.10.10-e1708708329671-1024x695.jpeg\" \/>\n<meta name=\"twitter:card\" content=\"summary_large_image\" \/>\n<meta name=\"twitter:label1\" content=\"Est. reading time\" \/>\n\t<meta name=\"twitter:data1\" content=\"1 minutua\" \/>\n<script type=\"application\/ld+json\" class=\"yoast-schema-graph\">{\"@context\":\"https:\\\/\\\/schema.org\",\"@graph\":[{\"@type\":\"WebPage\",\"@id\":\"https:\\\/\\\/joyeriaargentoro.com\\\/\",\"url\":\"https:\\\/\\\/joyeriaargentoro.com\\\/\",\"name\":\"Inicio - Joyeria Argentoro\",\"isPartOf\":{\"@id\":\"https:\\\/\\\/joyeriaargentoro.com\\\/#website\"},\"primaryImageOfPage\":{\"@id\":\"https:\\\/\\\/joyeriaargentoro.com\\\/#primaryimage\"},\"image\":{\"@id\":\"https:\\\/\\\/joyeriaargentoro.com\\\/#primaryimage\"},\"thumbnailUrl\":\"https:\\\/\\\/joyeriaargentoro.com\\\/wp-content\\\/uploads\\\/2024\\\/02\\\/WhatsApp-Image-2024-02-23-at-18.10.10-e1708708329671-1024x695.jpeg\",\"datePublished\":\"2024-02-20T16:29:42+00:00\",\"dateModified\":\"2024-03-01T11:30:10+00:00\",\"breadcrumb\":{\"@id\":\"https:\\\/\\\/joyeriaargentoro.com\\\/#breadcrumb\"},\"inLanguage\":\"eu\",\"potentialAction\":[{\"@type\":\"ReadAction\",\"target\":[\"https:\\\/\\\/joyeriaargentoro.com\\\/\"]}]},{\"@type\":\"ImageObject\",\"inLanguage\":\"eu\",\"@id\":\"https:\\\/\\\/joyeriaargentoro.com\\\/#primaryimage\",\"url\":\"https:\\\/\\\/joyeriaargentoro.com\\\/wp-content\\\/uploads\\\/2024\\\/02\\\/WhatsApp-Image-2024-02-23-at-18.10.10-e1708708329671-1024x695.jpeg\",\"contentUrl\":\"https:\\\/\\\/joyeriaargentoro.com\\\/wp-content\\\/uploads\\\/2024\\\/02\\\/WhatsApp-Image-2024-02-23-at-18.10.10-e1708708329671-1024x695.jpeg\"},{\"@type\":\"BreadcrumbList\",\"@id\":\"https:\\\/\\\/joyeriaargentoro.com\\\/#breadcrumb\",\"itemListElement\":[{\"@type\":\"ListItem\",\"position\":1,\"name\":\"Portada\",\"item\":\"https:\\\/\\\/joyeriaargentoro.com\\\/\"},{\"@type\":\"ListItem\",\"position\":2,\"name\":\"Inicio\"}]},{\"@type\":\"WebSite\",\"@id\":\"https:\\\/\\\/joyeriaargentoro.com\\\/#website\",\"url\":\"https:\\\/\\\/joyeriaargentoro.com\\\/\",\"name\":\"Joyeria Argentoro\",\"description\":\"Llevamos 30 a\u00f1os en sector de joyer\u00eda y relojer\u00eda, nos dedicamos en fabricar joyas sobre encargo y compostura de relojes y joyas. \",\"potentialAction\":[{\"@type\":\"SearchAction\",\"target\":{\"@type\":\"EntryPoint\",\"urlTemplate\":\"https:\\\/\\\/joyeriaargentoro.com\\\/?s={search_term_string}\"},\"query-input\":{\"@type\":\"PropertyValueSpecification\",\"valueRequired\":true,\"valueName\":\"search_term_string\"}}],\"inLanguage\":\"eu\"}]}<\/script>\n<!-- \/ Yoast SEO plugin. -->","yoast_head_json":{"title":"Inicio - Joyeria Argentoro","robots":{"index":"index","follow":"follow","max-snippet":"max-snippet:-1","max-image-preview":"max-image-preview:large","max-video-preview":"max-video-preview:-1"},"canonical":"https:\/\/joyeriaargentoro.com\/eus\/","og_locale":"en_US","og_type":"article","og_title":"Inicio - Joyeria Argentoro","og_description":"TU JOYER\u00cdA DE CONFIANZA Sobre Nosotros Llevamos m\u00e1s de 30 a\u00f1os brindando nuestra experiencia en el sector de joyer\u00eda y relojer\u00eda, donde nos especializamos en la fabricaci\u00f3n de joyas personalizadas y la reparaci\u00f3n de relojes y joyas para garantizar su durabilidad y belleza. Saber M\u00e1s HAZ QUE TU VIDA BRILLE COMO UNA JOYA Vis\u00edtenos","og_url":"https:\/\/joyeriaargentoro.com\/eus\/","og_site_name":"Joyeria Argentoro","article_modified_time":"2024-03-01T11:30:10+00:00","og_image":[{"url":"https:\/\/joyeriaargentoro.com\/wp-content\/uploads\/2024\/02\/WhatsApp-Image-2024-02-23-at-18.10.10-e1708708329671-1024x695.jpeg","type":"","width":"","height":""}],"twitter_card":"summary_large_image","twitter_misc":{"Est. reading time":"1 minutua"},"schema":{"@context":"https:\/\/schema.org","@graph":[{"@type":"WebPage","@id":"https:\/\/joyeriaargentoro.com\/","url":"https:\/\/joyeriaargentoro.com\/","name":"Inicio - Joyeria Argentoro","isPartOf":{"@id":"https:\/\/joyeriaargentoro.com\/#website"},"primaryImageOfPage":{"@id":"https:\/\/joyeriaargentoro.com\/#primaryimage"},"image":{"@id":"https:\/\/joyeriaargentoro.com\/#primaryimage"},"thumbnailUrl":"https:\/\/joyeriaargentoro.com\/wp-content\/uploads\/2024\/02\/WhatsApp-Image-2024-02-23-at-18.10.10-e1708708329671-1024x695.jpeg","datePublished":"2024-02-20T16:29:42+00:00","dateModified":"2024-03-01T11:30:10+00:00","breadcrumb":{"@id":"https:\/\/joyeriaargentoro.com\/#breadcrumb"},"inLanguage":"eu","potentialAction":[{"@type":"ReadAction","target":["https:\/\/joyeriaargentoro.com\/"]}]},{"@type":"ImageObject","inLanguage":"eu","@id":"https:\/\/joyeriaargentoro.com\/#primaryimage","url":"https:\/\/joyeriaargentoro.com\/wp-content\/uploads\/2024\/02\/WhatsApp-Image-2024-02-23-at-18.10.10-e1708708329671-1024x695.jpeg","contentUrl":"https:\/\/joyeriaargentoro.com\/wp-content\/uploads\/2024\/02\/WhatsApp-Image-2024-02-23-at-18.10.10-e1708708329671-1024x695.jpeg"},{"@type":"BreadcrumbList","@id":"https:\/\/joyeriaargentoro.com\/#breadcrumb","itemListElement":[{"@type":"ListItem","position":1,"name":"Portada","item":"https:\/\/joyeriaargentoro.com\/"},{"@type":"ListItem","position":2,"name":"Inicio"}]},{"@type":"WebSite","@id":"https:\/\/joyeriaargentoro.com\/#website","url":"https:\/\/joyeriaargentoro.com\/","name":"Joyeria Argentoro","description":"Llevamos 30 a\u00f1os en sector de joyer\u00eda y relojer\u00eda, nos dedicamos en fabricar joyas sobre encargo y compostura de relojes y joyas.","potentialAction":[{"@type":"SearchAction","target":{"@type":"EntryPoint","urlTemplate":"https:\/\/joyeriaargentoro.com\/?s={search_term_string}"},"query-input":{"@type":"PropertyValueSpecification","valueRequired":true,"valueName":"search_term_string"}}],"inLanguage":"eu"}]}},"_links":{"self":[{"href":"https:\/\/joyeriaargentoro.com\/eus\/wp-json\/wp\/v2\/pages\/2","targetHints":{"allow":["GET"]}}],"collection":[{"href":"https:\/\/joyeriaargentoro.com\/eus\/wp-json\/wp\/v2\/pages"}],"about":[{"href":"https:\/\/joyeriaargentoro.com\/eus\/wp-json\/wp\/v2\/types\/page"}],"author":[{"embeddable":true,"href":"https:\/\/joyeriaargentoro.com\/eus\/wp-json\/wp\/v2\/users\/1"}],"replies":[{"embeddable":true,"href":"https:\/\/joyeriaargentoro.com\/eus\/wp-json\/wp\/v2\/comments?post=2"}],"version-history":[{"count":229,"href":"https:\/\/joyeriaargentoro.com\/eus\/wp-json\/wp\/v2\/pages\/2\/revisions"}],"predecessor-version":[{"id":1160,"href":"https:\/\/joyeriaargentoro.com\/eus\/wp-json\/wp\/v2\/pages\/2\/revisions\/1160"}],"wp:attachment":[{"href":"https:\/\/joyeriaargentoro.com\/eus\/wp-json\/wp\/v2\/media?parent=2"}],"curies":[{"name":"wp","href":"https:\/\/api.w.org\/{rel}","templated":true}]}}